{"id":9,"date":"2022-10-24T06:15:39","date_gmt":"2022-10-24T06:15:39","guid":{"rendered":"https:\/\/cleanplusdine.fi\/?page_id=9"},"modified":"2022-10-26T17:37:27","modified_gmt":"2022-10-26T17:37:27","slug":"yhteystiedot","status":"publish","type":"page","link":"https:\/\/cleanplusdine.fi\/en\/yhteystiedot\/","title":{"rendered":"CONTACT US!"},"content":{"rendered":"<hr class=\"wp-block-separator has-alpha-channel-opacity\"\/>\n\n\n\n<p class=\"has-text-align-center\">You can contact us by calling or sending an email:<\/p>\n\n\n\n<p class=\"has-text-align-center\"><br>Phone: 0504286072<br>Email: contact@cleanplusdine.fi<br><\/p>\n\n\n\n<hr class=\"wp-block-separator has-alpha-channel-opacity\"\/>","protected":false},"excerpt":{"rendered":"<p>Voit ottaa yhteytt\u00e4 soittamalla tai l\u00e4hett\u00e4m\u00e4ll\u00e4 s\u00e4hk\u00f6postia: Puhelin: 0504286072S\u00e4hk\u00f6posti: contact@cleanplusdine.fi<\/p>","protected":false},"author":1,"featured_media":0,"parent":0,"menu_order":0,"comment_status":"closed","ping_status":"closed","template":"","meta":{"footnotes":""},"class_list":["post-9","page","type-page","status-publish","hentry"],"_links":{"self":[{"href":"https:\/\/cleanplusdine.fi\/en\/wp-json\/wp\/v2\/pages\/9","targetHints":{"allow":["GET"]}}],"collection":[{"href":"https:\/\/cleanplusdine.fi\/en\/wp-json\/wp\/v2\/pages"}],"about":[{"href":"https:\/\/cleanplusdine.fi\/en\/wp-json\/wp\/v2\/types\/page"}],"author":[{"embeddable":true,"href":"https:\/\/cleanplusdine.fi\/en\/wp-json\/wp\/v2\/users\/1"}],"replies":[{"embeddable":true,"href":"https:\/\/cleanplusdine.fi\/en\/wp-json\/wp\/v2\/comments?post=9"}],"version-history":[{"count":4,"href":"https:\/\/cleanplusdine.fi\/en\/wp-json\/wp\/v2\/pages\/9\/revisions"}],"predecessor-version":[{"id":125,"href":"https:\/\/cleanplusdine.fi\/en\/wp-json\/wp\/v2\/pages\/9\/revisions\/125"}],"wp:attachment":[{"href":"https:\/\/cleanplusdine.fi\/en\/wp-json\/wp\/v2\/media?parent=9"}],"curies":[{"name":"wp","href":"https:\/\/api.w.org\/{rel}","templated":true}]}}